{"id":353,"date":"2015-01-28T18:00:44","date_gmt":"2015-01-28T18:00:44","guid":{"rendered":"https:\/\/www.ftech.co.jp\/en\/?page_id=353"},"modified":"2025-03-04T11:46:45","modified_gmt":"2025-03-04T02:46:45","slug":"office-wld06","status":"publish","type":"page","link":"https:\/\/www.ftech.co.jp\/en\/company\/office-wld06\/","title":{"rendered":"F.E.G. DE QUERETARO, S.A. DE C.V."},"content":{"rendered":"<div class=\"cf\">\n<div class=\"ofcImg\"><img loading=\"lazy\" decoding=\"async\" alt=\"FEG DE QUERETARO, S.A. DE C.V.\" class=\"alignnone size-full wp-image-1843\" height=\"140\" src=\"https:\/\/www.ftech.co.jp\/en\/wp-content\/uploads\/2015\/01\/ofc_wld061.png\" width=\"220\" \/><\/div>\n<div class=\"address\">\n<table class=\"defTbl\">\n<tbody>\n<tr>\n<td>Location<\/td>\n<td>Cerrada la noria No106 Parque Industrial Quer\u00e9taro Santa Rosa J\u00e1uregui. Quer\u00e9taro. Quer\u00e9taro.\u3000M\u00e9xicoC.P.76215<\/td>\n<\/tr>\n<tr>\n<td>Telephone<\/td>\n<td>52-442-229-5100<\/td>\n<\/tr>\n<tr>\n<td>FAX<\/td>\n<td>52-442-229-5103<\/td>\n<\/tr>\n<tr>\n<td>Established<\/td>\n<td>June&nbsp;2001<\/td>\n<\/tr>\n<tr>\n<td>Captal<\/td>\n<td>8,085 million US dollars<\/td>\n<\/tr>\n<tr>\n<td>Main customer<\/td>\n<td>AUTOTEK INDUSTRIAL de MEXICO, S.A.de C.V. \/ INDUSTRIA DE ASIENTO SUPERIOR, S.A. DE C.V. others<\/td>\n<\/tr>\n<\/tbody>\n<\/table>\n<ul class=\"accmap cf\">\n<li class=\"nav02\"><a class=\"btn\" href=\"https:\/\/goo.gl\/maps\/OUg6Z\" target=\"_blank\" rel=\"noopener\">Google Map<\/a><\/li>\n<\/ul><\/div>\n<\/div>\n<p><!--\n\n\n<div class=\"gmap\"><iframe loading=\"lazy\" frameborder=\"0\" height=\"240\" src=\"https:\/\/www.google.com\/maps\/embed?pb=!1m18!1m12!1m3!1d3729.4370689288553!2d-100.43134599999998!3d20.81405!2m3!1f0!2f0!3f0!3m2!1i1024!2i768!4f13.1!3m3!1m2!1s0x85d35ae94ccfd069%3A0x3a74691c2df091af!2sFEG+Quer%C3%A9taro!5e0!3m2!1sja!2sjp!4v1422467894242\" style=\"border: 0px currentColor; border-image: none;\" width=\"100%\"><\/iframe><\/div>\n\n --><\/p>\n","protected":false},"excerpt":{"rendered":"","protected":false},"author":1,"featured_media":0,"parent":2,"menu_order":0,"comment_status":"closed","ping_status":"closed","template":"page-iframe.php","meta":{"_acf_changed":false,"footnotes":""},"class_list":["post-353","page","type-page","status-publish","hentry"],"acf":[],"aioseo_notices":[],"_links":{"self":[{"href":"https:\/\/www.ftech.co.jp\/en\/wp-json\/wp\/v2\/pages\/353","targetHints":{"allow":["GET"]}}],"collection":[{"href":"https:\/\/www.ftech.co.jp\/en\/wp-json\/wp\/v2\/pages"}],"about":[{"href":"https:\/\/www.ftech.co.jp\/en\/wp-json\/wp\/v2\/types\/page"}],"author":[{"embeddable":true,"href":"https:\/\/www.ftech.co.jp\/en\/wp-json\/wp\/v2\/users\/1"}],"replies":[{"embeddable":true,"href":"https:\/\/www.ftech.co.jp\/en\/wp-json\/wp\/v2\/comments?post=353"}],"version-history":[{"count":13,"href":"https:\/\/www.ftech.co.jp\/en\/wp-json\/wp\/v2\/pages\/353\/revisions"}],"predecessor-version":[{"id":4472,"href":"https:\/\/www.ftech.co.jp\/en\/wp-json\/wp\/v2\/pages\/353\/revisions\/4472"}],"up":[{"embeddable":true,"href":"https:\/\/www.ftech.co.jp\/en\/wp-json\/wp\/v2\/pages\/2"}],"wp:attachment":[{"href":"https:\/\/www.ftech.co.jp\/en\/wp-json\/wp\/v2\/media?parent=353"}],"curies":[{"name":"wp","href":"https:\/\/api.w.org\/{rel}","templated":true}]}}